{"id":20,"date":"2026-05-05T13:43:10","date_gmt":"2026-05-05T13:43:10","guid":{"rendered":"https:\/\/antonkaegikah.com\/?page_id=20"},"modified":"2026-05-05T15:29:20","modified_gmt":"2026-05-05T15:29:20","slug":"anton-kaegikah","status":"publish","type":"page","link":"https:\/\/antonkaegikah.com\/?page_id=20","title":{"rendered":"ANTON KAEGIKAH"},"content":{"rendered":"\n<p><\/p>\n\n\n\n<p>Hola soy Ant\u00f3n Kaegikah, escritor ense\u00f1ante, vividor, Copywriter, Ghostwriter, experto en Kabalah hebrea aplicada a la vida. Ah!, tambi\u00e9n soy un perro errante, no por los viajes sino por la sencilla raz\u00f3n de haber cometido infinidad de errores a lo largo de mi existencia.<\/p>\n\n\n\n<p><br>\u200bEn el mostrador de mi tienda de barrio despacho productos de primera necesidad para vender-te mejor. Adem\u00e1s de una limpieza general para esas cosas in\u00fatiles acumuladas en tu experiencia terr\u00edcola, que impiden que sigas avanzando, no seg\u00fan el ritmo de otr@s , sino con el tuyo.<\/p>\n\n\n\n<p><br>\u200bUna vez una mujer china, que no regenta un bazar chino de esos de \u00abtodo a cien\u00bb pero que si era la due\u00f1a del bar \u00abLas Gaviotas\u00bb me dijo algo tan sencillo, tan simple como ese blus que se te engancha con solo tres notas, que a\u00fan hoy tararea cerebro.<\/p>\n\n\n\n<p><br>\u200b\u00bb Todos somos linternas, algunos con pilas otros sin ellas, pero nos diligimos hacia el mismo balanco, unos se caen otlos vuelan \u00ab.<\/p>\n\n\n\n<p><br>\u200bPues yo vuelo, as\u00ed que soy de los segundos, me dije. Cierto!, pero las pilas se acaban y no por volar se ve todo con ojos de rapaz. Adem\u00e1s si no tienes pista de aterrizaje ni hoja de ruta y vas tirando de suerte, workshops, t\u00edtulos, record Guiness, gu\u00edas espirituales o guias sin guia, o a lo sumo con las frases new age de paquete de azucarillo, pues cuando se te acaban las pilas o encuentras un lugar donde pasar un buen momento de tu vida, no lo alcanzas ni a sol ni a sombra y planchazo al canto. Te caes cuando a la linterna voladora se le acaban las energ\u00edas.<\/p>\n\n\n\n<p><br>\u200bA m\u00ed me sucedi\u00f3 tal como as\u00ed&#8230;.y A TI?<br>Ya me contar\u00e1s.<\/p>\n\n\n\n<p><br>\u200b- Si andas o vuelas sin ton ni son, con ese ruido que te lastra y se te acumula por exceso de informacion y dem\u00e1s, pues aqu\u00ed tienes a alguien que compartir\u00e1 experiencia, vivencias de ac\u00e1 y de all\u00e1. Relatos de vida, que como un buen libro te ense\u00f1ar\u00e1n algo, para no ser el otro mejor ejemplo, si no tu propio ejemplo, para ti y para otr@s, ya quieras vender servicios, escribir un libro, saber de Tarot, ligar, con-vencer a tu hija que se coma las lentejas o lo que sea que quieras conseguir, seg\u00fan alumbres con tu linterna, no la m\u00eda, es lo \u00fanico que no est\u00e1 a la venta en mi tu-mi tienda de barrio.<br>\u200b<\/p>\n\n\n\n<p>Y si tienes linterna y pilas pero no encuentras el lugar donde se prende, yo te vendo un mapa o una hoja de ruta que te ayudar\u00e1n a encontrarlo.<\/p>\n\n\n\n<p><br>\u200b&#8230;Vali\u00f3, como diria la china&#8230;<br>&#8230;Vali\u00f3 y valdr\u00e1 la alegr\u00eda probar y comprar&#8230;<br>&#8230;Vali\u00f3 la alegr\u00eda y no la pena.<\/p>\n\n\n\n<p><br>\u200bSolo has de tener claro tres cosas:<\/p>\n\n\n\n<p><br>La marca de la linterna.<\/p>\n\n\n\n<p><br>El tama\u00f1o y cantidad de las pilas.<\/p>\n\n\n\n<p><br>\u200bTengo una Newletter donde mando emails contando algunas cosas mias y muchas cosas de otr@s.<\/p>\n\n\n\n<p>Si quieres darte de alta, sin costo, recibir\u00e1s un par de regalos de bienvenida. Si te gusta leer, tendr\u00e1s alg\u00fan libro, gratis, y posible es que sean dos.<\/p>\n\n\n\n<p><br>\u200b[BOT\u00d3N: ALTA EN LA NEWSLETTER]&nbsp;<\/p>\n\n\n\n<p>&#8230;..<\/p>\n","protected":false},"excerpt":{"rendered":"<p>Hola soy Ant\u00f3n Kaegikah, escritor ense\u00f1ante, vividor, Copywriter, Ghostwriter, experto en Kabalah hebrea aplicada a la vida. Ah!, tambi\u00e9n soy un perro errante, no por los viajes sino por la sencilla raz\u00f3n de haber cometido infinidad de errores a lo largo de mi existencia. \u200bEn el mostrador de mi tienda de barrio despacho productos de [&hellip;]<\/p>\n","protected":false},"author":1,"featured_media":0,"parent":0,"menu_order":0,"comment_status":"closed","ping_status":"closed","template":"","meta":{"footnotes":""},"class_list":["post-20","page","type-page","status-publish","hentry"],"_links":{"self":[{"href":"https:\/\/antonkaegikah.com\/index.php?rest_route=\/wp\/v2\/pages\/20","targetHints":{"allow":["GET"]}}],"collection":[{"href":"https:\/\/antonkaegikah.com\/index.php?rest_route=\/wp\/v2\/pages"}],"about":[{"href":"https:\/\/antonkaegikah.com\/index.php?rest_route=\/wp\/v2\/types\/page"}],"author":[{"embeddable":true,"href":"https:\/\/antonkaegikah.com\/index.php?rest_route=\/wp\/v2\/users\/1"}],"replies":[{"embeddable":true,"href":"https:\/\/antonkaegikah.com\/index.php?rest_route=%2Fwp%2Fv2%2Fcomments&post=20"}],"version-history":[{"count":4,"href":"https:\/\/antonkaegikah.com\/index.php?rest_route=\/wp\/v2\/pages\/20\/revisions"}],"predecessor-version":[{"id":24,"href":"https:\/\/antonkaegikah.com\/index.php?rest_route=\/wp\/v2\/pages\/20\/revisions\/24"}],"wp:attachment":[{"href":"https:\/\/antonkaegikah.com\/index.php?rest_route=%2Fwp%2Fv2%2Fmedia&parent=20"}],"curies":[{"name":"wp","href":"https:\/\/api.w.org\/{rel}","templated":true}]}}