{"id":13,"date":"2026-04-30T14:29:39","date_gmt":"2026-04-30T14:29:39","guid":{"rendered":"https:\/\/antonkaegikah.com\/?page_id=13"},"modified":"2026-04-30T14:50:51","modified_gmt":"2026-04-30T14:50:51","slug":"tu-tienda-de-barrio","status":"publish","type":"page","link":"https:\/\/antonkaegikah.com\/?page_id=13","title":{"rendered":"TU TIENDA DE BARRIO"},"content":{"rendered":"\n<p>Seguramente tienes la despensa llena de buenos ingredientes y los fogones listos en la cocina, pero te encuentras parado frente a ellos porque nadie te mostr\u00f3 c\u00f3mo  combinarlos. O quiz\u00e1s, simplemente, no encuentras las cerillas para encender el fuego.<br>\u200bPasa, ponte c\u00f3modo. Soy el tendero de tu barrio.<\/p>\n\n\n\n<p><br>\u200bNo soy un gur\u00fa, soy un dador de recetas y un vendedor de pilas. Mi trabajo en esta tienda es escucharte y ofrecerte exactamente los objetos necesarios para poner en marcha tu acci\u00f3n deseada. Ni m\u00e1s, ni menos.<\/p>\n\n\n\n<p><br>\u200bSi no tienes linterna, aqu\u00ed hay una; si la tienes pero no alumbra, buscamos las pilas. Soy un cuentacuentos que te ofrece la maestr\u00eda de su abuela y la receta de las torrijas de su madre.<\/p>\n\n\n\n<p><br>\u200bSi mis historias te reflejan, te servir\u00e1n para cocinar tu propio camino. Si no, tendr\u00e1s que seguir jugando a la loter\u00eda de la vida. Yo sigo siendo todo o\u00eddos, porque aprendo de cada persona que entra por mi puerta; s\u00e9 que hace un mes era m\u00e1s ignorante que hoy.<\/p>\n\n\n\n<p><br>\u200b\u00bfQui\u00e9n NO soy?<\/p>\n\n\n\n<p><br>\u200bAqu\u00ed funcionamos con la ley de las lentejas: \u00absi las quieres las comes, y si no, las dejas\u00bb.<br>\u200bNo soy el que cocina por ti: Yo te doy el recetario y te ense\u00f1o a manejar los ingredientes, pero el delantal te lo pones t\u00fa.<br>\u200bNo soy una gran superficie: No esperes frialdad ni soluciones en serie. En mi tienda se viene a hablar, a mirar a los ojos y a encontrar la pieza exacta que te falta, no la m\u00e1s cara.<\/p>\n\n\n\n<p><br>\u200bNo soy un vendedor de adornos: No te voy a vender algo que no necesites. Solo lo que ponga en marcha tu acci\u00f3n.<\/p>\n\n\n\n<p><br>\u200bNo soy alguien que ha dejado de aprender: No me busques en un pedestal. Me ver\u00e1s observando, contemplando con mis animales o con una copa de vino, intentando comprender mejor este mundo cada d\u00eda.&nbsp;<\/p>\n\n\n\n<p><strong>B\u00fascame en el tercer puesto del podium.<\/strong> <\/p>\n\n\n\n<p>Me quedo con el bronce porque tengo toda la vida para seguir jugando, y algunas m\u00e1s para seguir intent\u00e1ndolo, me gusta jugar m\u00e1s que ganar. <\/p>\n\n\n\n<p><strong>Jugamos juntos?\u00a0<\/strong><\/p>\n\n\n\n<p><\/p>\n","protected":false},"excerpt":{"rendered":"<p>Seguramente tienes la despensa llena de buenos ingredientes y los fogones listos en la cocina, pero te encuentras parado frente a ellos porque nadie te mostr\u00f3 c\u00f3mo combinarlos. O quiz\u00e1s, simplemente, no encuentras las cerillas para encender el fuego.\u200bPasa, ponte c\u00f3modo. Soy el tendero de tu barrio. \u200bNo soy un gur\u00fa, soy un dador de [&hellip;]<\/p>\n","protected":false},"author":1,"featured_media":0,"parent":0,"menu_order":0,"comment_status":"closed","ping_status":"closed","template":"","meta":{"footnotes":""},"class_list":["post-13","page","type-page","status-publish","hentry"],"_links":{"self":[{"href":"https:\/\/antonkaegikah.com\/index.php?rest_route=\/wp\/v2\/pages\/13","targetHints":{"allow":["GET"]}}],"collection":[{"href":"https:\/\/antonkaegikah.com\/index.php?rest_route=\/wp\/v2\/pages"}],"about":[{"href":"https:\/\/antonkaegikah.com\/index.php?rest_route=\/wp\/v2\/types\/page"}],"author":[{"embeddable":true,"href":"https:\/\/antonkaegikah.com\/index.php?rest_route=\/wp\/v2\/users\/1"}],"replies":[{"embeddable":true,"href":"https:\/\/antonkaegikah.com\/index.php?rest_route=%2Fwp%2Fv2%2Fcomments&post=13"}],"version-history":[{"count":2,"href":"https:\/\/antonkaegikah.com\/index.php?rest_route=\/wp\/v2\/pages\/13\/revisions"}],"predecessor-version":[{"id":15,"href":"https:\/\/antonkaegikah.com\/index.php?rest_route=\/wp\/v2\/pages\/13\/revisions\/15"}],"wp:attachment":[{"href":"https:\/\/antonkaegikah.com\/index.php?rest_route=%2Fwp%2Fv2%2Fmedia&parent=13"}],"curies":[{"name":"wp","href":"https:\/\/api.w.org\/{rel}","templated":true}]}}